{"id":350,"date":"2013-01-30T13:45:55","date_gmt":"2013-01-30T11:45:55","guid":{"rendered":"http:\/\/zurnalsiepirkumi.lv\/?page_id=350"},"modified":"2021-07-21T16:19:38","modified_gmt":"2021-07-21T14:19:38","slug":"arhivs","status":"publish","type":"page","link":"https:\/\/zurnalsiepirkumi.lv\/?page_id=350","title":{"rendered":"Arh\u012bvs"},"content":{"rendered":"<p>Arh\u012bv\u0101 pieejamas visas \u017eurn\u0101la <em>Iepirkumi<\/em> elektronisk\u0101s versijas.<\/p>\n<p><strong>2019.gada izdevumi<\/strong><\/p>\n<p>\u2192 <a title=\"Iepirkumi Decembris 2019\" href=\"https:\/\/lasi.zurnalsiepirkumi.lv\/simple_document.php?subfolder=&amp;doc=2019_12.pdf\" target=\"_blank\" rel=\"noopener noreferrer\">Decembris 2019<\/a><br \/>\n\u2192 <a title=\"Iepirkumi Septembris 2019\" href=\"https:\/\/lasi.zurnalsiepirkumi.lv\/simple_document.php?subfolder=&amp;doc=2019_09.pdf\" target=\"_blank\" rel=\"noopener noreferrer\">Septembris 2019<\/a><br \/>\n\u2192 <a title=\"Iepirkumi J\u016bnijs 2019\" href=\"https:\/\/lasi.zurnalsiepirkumi.lv\/simple_document.php?subfolder=&amp;doc=2019_06.pdf\" target=\"_blank\" rel=\"noopener noreferrer\">J\u016bnijs 2019<\/a><br \/>\n\u2192 <a title=\"Iepirkumi Apr\u012blis 2019\" href=\"https:\/\/lasi.zurnalsiepirkumi.lv\/simple_document.php?subfolder=&amp;doc=2019_04.pdf\" target=\"_blank\" rel=\"noopener noreferrer\">Apr\u012blis 2019<\/a><br \/>\n\u2192 <a title=\"Iepirkumi Febru\u0101ris 2019\" href=\"https:\/\/lasi.zurnalsiepirkumi.lv\/simple_document.php?subfolder=&amp;doc=2019_02.pdf\" target=\"_blank\" rel=\"noopener noreferrer\">Febru\u0101ris 2019<\/a><\/p>\n<p><strong>2018.gada izdevumi<\/strong><\/p>\n<p>\u2192 <a title=\"Iepirkumi Decembris 2018\" href=\"https:\/\/lasi.zurnalsiepirkumi.lv\/simple_document.php?subfolder=&amp;doc=2018_12.pdf\" target=\"_blank\" rel=\"noopener noreferrer\">Decembris 2018<\/a><br \/>\n\u2192 <a title=\"Iepirkumi Oktobris 2018\" href=\"https:\/\/lasi.zurnalsiepirkumi.lv\/simple_document.php?subfolder=&amp;doc=2018_10.pdf\" target=\"_blank\" rel=\"noopener noreferrer\">Oktobris 2018<\/a><br \/>\n\u2192 <a title=\"Iepirkumi Septembris 2018\" href=\"https:\/\/lasi.zurnalsiepirkumi.lv\/simple_document.php?subfolder=&amp;doc=2018_09.pdf\" target=\"_blank\" rel=\"noopener noreferrer\">Septembris 2018<\/a><br \/>\n\u2192 <a title=\"Iepirkumi J\u016bnijs 2018\" href=\"https:\/\/lasi.zurnalsiepirkumi.lv\/simple_document.php?subfolder=&amp;doc=2018_06.pdf\" target=\"_blank\" rel=\"noopener noreferrer\">J\u016bnijs 2018<\/a><br \/>\n\u2192 <a title=\"Iepirkumi Apr\u012blis 2018\" href=\"https:\/\/lasi.zurnalsiepirkumi.lv\/simple_document.php?subfolder=&amp;doc=2018_04.pdf\" target=\"_blank\" rel=\"noopener noreferrer\">Apr\u012blis 2018<\/a><br \/>\n\u2192 <a title=\"Iepirkumi Febru\u0101ris 2018\" href=\"https:\/\/lasi.zurnalsiepirkumi.lv\/simple_document.php?subfolder=&amp;doc=2018_01.pdf\" target=\"_blank\" rel=\"noopener noreferrer\">Janv\u0101ris 2018<\/a><\/p>\n<p><strong>2017.gada izdevumi<\/strong><\/p>\n<p>\u2192 <a title=\"Iepirkumi Decembris 2017\" href=\"https:\/\/lasi.zurnalsiepirkumi.lv\/simple_document.php?subfolder=&amp;doc=2017_12.pdf\" target=\"_blank\" rel=\"noopener noreferrer\">Decembris 2017<\/a><br \/>\n\u2192 <a title=\"Iepirkumi Oktobris 2017\" href=\"https:\/\/lasi.zurnalsiepirkumi.lv\/simple_document.php?subfolder=&amp;doc=2017_10.pdf\" target=\"_blank\" rel=\"noopener noreferrer\">Oktobris 2017<\/a><br \/>\n\u2192 <a title=\"Iepirkumi Septembris 2017\" href=\"https:\/\/lasi.zurnalsiepirkumi.lv\/simple_document.php?subfolder=&amp;doc=2017_09.pdf\" target=\"_blank\" rel=\"noopener noreferrer\">Septembris 2017<\/a><br \/>\n\u2192 <a title=\"Iepirkumi J\u016bnijs 2017\" href=\"https:\/\/lasi.zurnalsiepirkumi.lv\/simple_document.php?subfolder=&amp;doc=2017_06.pdf\" target=\"_blank\" rel=\"noopener noreferrer\">J\u016bnijs 2017<\/a><br \/>\n\u2192 <a title=\"Iepirkumi Apr\u012blis 2017\" href=\"https:\/\/lasi.zurnalsiepirkumi.lv\/simple_document.php?subfolder=&amp;doc=2017_04.pdf\" target=\"_blank\" rel=\"noopener noreferrer\">Apr\u012blis 2017<\/a><br \/>\n\u2192 <a title=\"Iepirkumi Febru\u0101ris 2017\" href=\"https:\/\/lasi.zurnalsiepirkumi.lv\/simple_document.php?subfolder=&amp;doc=2017_02.pdf\" target=\"_blank\" rel=\"noopener noreferrer\">Febru\u0101ris 2017<\/a><\/p>\n<p><strong>2016.gada izdevumi<\/strong><\/p>\n<p>\u2192 <a title=\"Iepirkumi Decembris 2016\" href=\"https:\/\/lasi.zurnalsiepirkumi.lv\/simple_document.php?subfolder=&amp;doc=2016_12.pdf\" target=\"_blank\" rel=\"noopener noreferrer\">Decembris 2016<\/a><br \/>\n\u2192 <a title=\"Iepirkumi Oktobris 2016\" href=\"https:\/\/lasi.zurnalsiepirkumi.lv\/simple_document.php?subfolder=&amp;doc=2016_10.pdf\" target=\"_blank\" rel=\"noopener noreferrer\">Oktobris 2016<\/a><br \/>\n\u2192 <a title=\"Iepirkumi Septembris 2016\" href=\"https:\/\/lasi.zurnalsiepirkumi.lv\/simple_document.php?subfolder=&amp;doc=2016_09.pdf\" target=\"_blank\" rel=\"noopener noreferrer\">Septembris 2016<\/a><br \/>\n\u2192 <a title=\"Iepirkumi J\u016bnijs 2016\" href=\"https:\/\/lasi.zurnalsiepirkumi.lv\/simple_document.php?subfolder=&amp;doc=2016_06.pdf\" target=\"_blank\" rel=\"noopener noreferrer\">J\u016bnijs 2016<\/a><br \/>\n\u2192 <a title=\"Iepirkumi Apr\u012blis 2016\" href=\"https:\/\/lasi.zurnalsiepirkumi.lv\/simple_document.php?subfolder=&amp;doc=2016_04.pdf\" target=\"_blank\" rel=\"noopener noreferrer\">Apr\u012blis 2016<\/a><br \/>\n\u2192 <a title=\"Iepirkumi Febru\u0101ris 2016\" href=\"https:\/\/lasi.zurnalsiepirkumi.lv\/simple_document.php?subfolder=&amp;doc=2016_02.pdf\" target=\"_blank\" rel=\"noopener noreferrer\">Febru\u0101ris 2016<\/a><\/p>\n<p><strong>2015.gada izdevumi<\/strong><\/p>\n<p>\u2192 <a title=\"Iepirkumi Decembris 2015\" href=\"https:\/\/lasi.zurnalsiepirkumi.lv\/simple_document.php?subfolder=&amp;doc=2015_12.pdf\" target=\"_blank\" rel=\"noopener noreferrer\">Decembris 2015<\/a><br \/>\n\u2192 <a title=\"Iepirkumi Oktobris 2015\" href=\"https:\/\/lasi.zurnalsiepirkumi.lv\/simple_document.php?subfolder=&amp;doc=2015_10.pdf\" target=\"_blank\" rel=\"noopener noreferrer\">Oktobris 2015<\/a><br \/>\n\u2192 <a title=\"Iepirkumi Septembris 2015\" href=\"https:\/\/lasi.zurnalsiepirkumi.lv\/simple_document.php?subfolder=&amp;doc=2015_09.pdf\" target=\"_blank\" rel=\"noopener noreferrer\">Septembris 2015<\/a><br \/>\n\u2192 <a title=\"Iepirkumi J\u016bnijs 2015\" href=\"https:\/\/lasi.zurnalsiepirkumi.lv\/simple_document.php?subfolder=&amp;doc=2015_06.pdf\" target=\"_blank\" rel=\"noopener noreferrer\">J\u016bnijs 2015<\/a><br \/>\n\u2192 <a title=\"Iepirkumi Apr\u012blis 2015\" href=\"https:\/\/lasi.zurnalsiepirkumi.lv\/simple_document.php?subfolder=&amp;doc=2015_04.pdf\" target=\"_blank\" rel=\"noopener noreferrer\">Apr\u012blis 2015<\/a><br \/>\n\u2192 <a title=\"Iepirkumi Febru\u0101ris 2015\" href=\"https:\/\/lasi.zurnalsiepirkumi.lv\/simple_document.php?subfolder=&amp;doc=2015_02.pdf\" target=\"_blank\" rel=\"noopener noreferrer\">Febru\u0101ris 2015<\/a><\/p>\n<p><strong>2014.gada izdevumi<\/strong><\/p>\n<p>\u2192 <a title=\"Iepirkumi Decembris 2014\" href=\"https:\/\/lasi.zurnalsiepirkumi.lv\/simple_document.php?subfolder=&amp;doc=2014_12.pdf\" target=\"_blank\" rel=\"noopener noreferrer\">Decembris 2014<\/a><br \/>\n\u2192 <a title=\"Iepirkumi Oktobris 2014\" href=\"https:\/\/lasi.zurnalsiepirkumi.lv\/simple_document.php?subfolder=&amp;doc=2014_10.pdf\" target=\"_blank\" rel=\"noopener noreferrer\">Oktobris 2014<\/a><br \/>\n\u2192 <a title=\"Iepirkumi Septembris 2014\" href=\"https:\/\/lasi.zurnalsiepirkumi.lv\/simple_document.php?subfolder=&amp;doc=2014_09.pdf\" target=\"_blank\" rel=\"noopener noreferrer\">Septembris 2014<\/a><br \/>\n\u2192 <a title=\"Iepirkumi Maijs - J\u016bnijs 2014\" href=\"https:\/\/lasi.zurnalsiepirkumi.lv\/simple_document.php?subfolder=&amp;doc=2014_06.pdf\" target=\"_blank\" rel=\"noopener noreferrer\">Maijs \/ J\u016bnijs 2014<\/a><br \/>\n\u2192 <a title=\"Iepirkumi Marts - Apr\u012blis 2014\" href=\"https:\/\/lasi.zurnalsiepirkumi.lv\/simple_document.php?subfolder=&amp;doc=2014_03.pdf\" target=\"_blank\" rel=\"noopener noreferrer\">Marts \/ Apr\u012blis 2014<\/a><br \/>\n\u2192 <a title=\"Iepirkumi Janv\u0101ris - Febru\u0101ris 2014\" href=\"https:\/\/lasi.zurnalsiepirkumi.lv\/simple_document.php?subfolder=&amp;doc=2014_02.pdf\" target=\"_blank\" rel=\"noopener noreferrer\">Janv\u0101ris \/ Febru\u0101ris 2014<\/a><\/p>\n<p><strong>2013.gada izdevumi:<\/strong><\/p>\n<p>\u2192 <a title=\"\u017durn\u0101ls Iepirkumi Decembris 2013\" href=\"https:\/\/lasi.zurnalsiepirkumi.lv\/simple_document.php?subfolder=&amp;doc=2013_12.pdf\" target=\"_blank\" rel=\"noopener noreferrer\">Decembris 2013<\/a><br \/>\n\u2192 <a title=\"\u017durn\u0101ls Iepirkumi Novembris 2013\" href=\"https:\/\/lasi.zurnalsiepirkumi.lv\/simple_document.php?subfolder=&amp;doc=2013_11.pdf\" target=\"_blank\" rel=\"noopener noreferrer\">Novembris 2013<\/a><br \/>\n\u2192 <a title=\"\u017durn\u0101ls Iepirkumi Oktobris 2013\" href=\"https:\/\/lasi.zurnalsiepirkumi.lv\/simple_document.php?subfolder=&amp;doc=2013_10.pdf\" target=\"_blank\" rel=\"noopener noreferrer\">Oktobris 2013<\/a><br \/>\n\u2192 <a title=\"\u017durn\u0101ls Iepirkumi Septembris 2013\" href=\"https:\/\/lasi.zurnalsiepirkumi.lv\/simple_document.php?subfolder=&amp;doc=2013_09.pdf\" target=\"_blank\" rel=\"noopener noreferrer\">Septembris 2013<\/a><br \/>\n\u2192 <a title=\"\u017durn\u0101ls Iepirkumi Augusts 2013\" href=\"https:\/\/lasi.zurnalsiepirkumi.lv\/simple_document.php?subfolder=&amp;doc=2013_08.pdf\" target=\"_blank\" rel=\"noopener noreferrer\">Augusts 2013<\/a><br \/>\n\u2192 <a title=\"\u017durn\u0101ls Iepirkumi J\u016blijs 2013\" href=\"https:\/\/lasi.zurnalsiepirkumi.lv\/simple_document.php?subfolder=&amp;doc=2013_07.pdf\" target=\"_blank\" rel=\"noopener noreferrer\">J\u016blijs 2013<\/a><br \/>\n\u2192 <a title=\"\u017durn\u0101ls Iepirkumi J\u016bnijs 2013\" href=\"https:\/\/lasi.zurnalsiepirkumi.lv\/simple_document.php?subfolder=&amp;doc=2013_06.pdf\" target=\"_blank\" rel=\"noopener noreferrer\">J\u016bnijs 2013<\/a><br \/>\n\u2192 <a title=\"\u017durn\u0101ls Iepirkumi Maijs 2013\" href=\"https:\/\/lasi.zurnalsiepirkumi.lv\/simple_document.php?subfolder=&amp;doc=2013_05.pdf\" target=\"_blank\" rel=\"noopener noreferrer\">Maijs 2013<\/a><br \/>\n\u2192 <a title=\"\u017durn\u0101ls Iepirkumi Apr\u012blis 2013\" href=\"https:\/\/lasi.zurnalsiepirkumi.lv\/simple_document.php?subfolder=&amp;doc=2013_04.pdf\" target=\"_blank\" rel=\"noopener noreferrer\">Apr\u012blis 2013<\/a><br \/>\n\u2192 <a title=\"\u017durn\u0101ls Iepirkumi Marts 2013\" href=\"https:\/\/lasi.zurnalsiepirkumi.lv\/simple_document.php?subfolder=&amp;doc=2013_03.pdf\" target=\"_blank\" rel=\"noopener noreferrer\">Marts 2013<\/a><br \/>\n\u2192 <a title=\"Iepirkumi Febru\u0101ris 2013\" href=\"https:\/\/lasi.zurnalsiepirkumi.lv\/simple_document.php?subfolder=&amp;doc=2013_02.pdf\" target=\"_blank\" rel=\"noopener noreferrer\">Febru\u0101ris 2013<\/a><\/p>\n","protected":false},"excerpt":{"rendered":"<p>Arh\u012bv\u0101 pieejamas visas \u017eurn\u0101la Iepirkumi elektronisk\u0101s versijas. 2019.gada izdevumi \u2192 Decembris 2019 \u2192 Septembris 2019 \u2192 J\u016bnijs 2019 \u2192 Apr\u012blis 2019 \u2192 Febru\u0101ris 2019 2018.gada izdevumi \u2192 Decembris 2018 \u2192 Oktobris 2018 \u2192 Septembris 2018 \u2192 J\u016bnijs 2018 \u2192 Apr\u012blis 2018 \u2192 Janv\u0101ris 2018 2017.gada izdevumi \u2192 Decembris 2017 \u2192 Oktobris 2017 \u2192 Septembris 2017 [&hellip;]<\/p>\n","protected":false},"author":1,"featured_media":0,"parent":0,"menu_order":0,"comment_status":"closed","ping_status":"closed","template":"","meta":{"footnotes":""},"_links":{"self":[{"href":"https:\/\/zurnalsiepirkumi.lv\/index.php?rest_route=\/wp\/v2\/pages\/350"}],"collection":[{"href":"https:\/\/zurnalsiepirkumi.lv\/index.php?rest_route=\/wp\/v2\/pages"}],"about":[{"href":"https:\/\/zurnalsiepirkumi.lv\/index.php?rest_route=\/wp\/v2\/types\/page"}],"author":[{"embeddable":true,"href":"https:\/\/zurnalsiepirkumi.lv\/index.php?rest_route=\/wp\/v2\/users\/1"}],"replies":[{"embeddable":true,"href":"https:\/\/zurnalsiepirkumi.lv\/index.php?rest_route=%2Fwp%2Fv2%2Fcomments&post=350"}],"version-history":[{"count":37,"href":"https:\/\/zurnalsiepirkumi.lv\/index.php?rest_route=\/wp\/v2\/pages\/350\/revisions"}],"predecessor-version":[{"id":15544,"href":"https:\/\/zurnalsiepirkumi.lv\/index.php?rest_route=\/wp\/v2\/pages\/350\/revisions\/15544"}],"wp:attachment":[{"href":"https:\/\/zurnalsiepirkumi.lv\/index.php?rest_route=%2Fwp%2Fv2%2Fmedia&parent=350"}],"curies":[{"name":"wp","href":"https:\/\/api.w.org\/{rel}","templated":true}]}}